{"id":18,"date":"2021-04-11T17:05:46","date_gmt":"2021-04-11T17:05:46","guid":{"rendered":"http:\/\/www.depropios.com\/?page_id=18"},"modified":"2026-03-04T19:31:47","modified_gmt":"2026-03-04T19:31:47","slug":"bio","status":"publish","type":"page","link":"https:\/\/www.depropios.com\/?page_id=18","title":{"rendered":"BIO"},"content":{"rendered":"\n<div class=\"wp-block-media-text alignfull is-stacked-on-mobile is-vertically-aligned-top\" style=\"grid-template-columns:23% auto\"><figure class=\"wp-block-media-text__media\"><img data-recalc-dims=\"1\" loading=\"lazy\" decoding=\"async\" width=\"683\" height=\"1024\" src=\"https:\/\/i0.wp.com\/www.depropios.com\/wp-content\/uploads\/2026\/03\/DSCF0352.jpg?resize=683%2C1024&#038;ssl=1\" alt=\"\" class=\"wp-image-533 size-full\" srcset=\"https:\/\/i0.wp.com\/www.depropios.com\/wp-content\/uploads\/2026\/03\/DSCF0352-scaled.jpg?resize=683%2C1024&amp;ssl=1 683w, https:\/\/i0.wp.com\/www.depropios.com\/wp-content\/uploads\/2026\/03\/DSCF0352-scaled.jpg?resize=200%2C300&amp;ssl=1 200w, https:\/\/i0.wp.com\/www.depropios.com\/wp-content\/uploads\/2026\/03\/DSCF0352-scaled.jpg?resize=768%2C1152&amp;ssl=1 768w, https:\/\/i0.wp.com\/www.depropios.com\/wp-content\/uploads\/2026\/03\/DSCF0352-scaled.jpg?resize=1024%2C1536&amp;ssl=1 1024w, https:\/\/i0.wp.com\/www.depropios.com\/wp-content\/uploads\/2026\/03\/DSCF0352-scaled.jpg?resize=1365%2C2048&amp;ssl=1 1365w, https:\/\/i0.wp.com\/www.depropios.com\/wp-content\/uploads\/2026\/03\/DSCF0352-scaled.jpg?w=1707&amp;ssl=1 1707w, https:\/\/i0.wp.com\/www.depropios.com\/wp-content\/uploads\/2026\/03\/DSCF0352-scaled.jpg?w=1520&amp;ssl=1 1520w\" sizes=\"auto, (max-width: 683px) 100vw, 683px\" \/><\/figure><div class=\"wp-block-media-text__content\">\n<pre class=\"wp-block-code\"><code><strong>de Propios <\/strong>\n<strong>Ph. D in Fine Arts: Artificial Intelligence Art<\/strong> <strong>and Computational Creativity  \/ Lecturer \/ Speaker <\/strong><\/code><\/pre>\n\n\n\n<p><\/p>\n\n\n\n<p>She is University Professor (UEM \/ U-TAD), artist and designer \/\/ Artificial intelligence research and robotics art.<\/p>\n\n\n\n<p>She conducts workshops on art and artificial intelligence and is an active speaker at various science and technology events.<\/p>\n\n\n\n<p>Since 2020, she has collaborated as a researcher on the ARTIFICIA platform, that promotes augmented creativity through AI and the arts. <a href=\"https:\/\/www.artificia.pro\/create\/artificia-team\/\">https:\/\/www.artificia.pro\/create\/artificia-team\/<\/a><\/p>\n\n\n\n<p class=\"has-text-align-justify\"><\/p>\n<\/div><\/div>\n\n\n\n<hr class=\"wp-block-separator has-text-color has-white-color has-css-opacity has-white-background-color has-background is-style-wide\"\/>\n\n\n\n<p>[2024] Conferencia  <strong>&nbsp;Investigaci\u00f3n sobre la aplicaci\u00f3n de t\u00e9cnicas de inteligencia artificial en el campo del arte. M\u00e1ster en Investigaci\u00f3n en Arte y Creaci\u00f3n<\/strong>, Facultad de Bellas Artes, Universidad Complutense de Madrid. <\/p>\n\n\n\n<p>[2024] Taller de IA Generativa. FESTIVAL DE ARTE DE CARTAGENA<strong> M+M<\/strong>. <strong>MUCHO + MAYO 2024.<\/strong> <a href=\"https:\/\/muchomasmayo.cartagena.es\/\">https:\/\/muchomasmayo.cartagena.es\/<\/a><\/p>\n\n\n\n<p>[2023] Participaci\u00f3n en Congreso  <strong>NODOS del Conocimiento.<\/strong> <a href=\"https:\/\/nodos.org\/en-vivo\/\">NODO 05 <em>Otras l\u00edneas de trabajo y aplicaciones de las IAs en las Artes, creaci\u00f3n y cultura visual<\/em><\/a><\/p>\n\n\n<div class=\"wp-block-image\">\n<figure class=\"alignleft size-full is-resized\"><a href=\"https:\/\/youtu.be\/Ftjov49DDk0\"><img data-recalc-dims=\"1\" loading=\"lazy\" decoding=\"async\" width=\"453\" height=\"283\" src=\"https:\/\/i0.wp.com\/www.depropios.com\/wp-content\/uploads\/2024\/01\/image.png?resize=453%2C283&#038;ssl=1\" alt=\"\" class=\"wp-image-520\" style=\"width:389px;height:auto\" srcset=\"https:\/\/i0.wp.com\/www.depropios.com\/wp-content\/uploads\/2024\/01\/image.png?w=453&amp;ssl=1 453w, https:\/\/i0.wp.com\/www.depropios.com\/wp-content\/uploads\/2024\/01\/image.png?resize=300%2C187&amp;ssl=1 300w\" sizes=\"auto, (max-width: 453px) 100vw, 453px\" \/><\/a><\/figure>\n<\/div>\n\n\n<p>[NOV 2023] <strong><a href=\"https:\/\/erw.hisparob.es\/\">Mesa redonda. Arte e Inteligencia Artificial<\/a><\/strong>. JORNADA HISPAROB ERW2023: \u00abIA y STEAM: Redefiniendo la educaci\u00f3n\u00bb 17 de noviembre de 2023 &#8211; Facultad de Educaci\u00f3n de la UCLM (Toledo)<\/p>\n\n\n\n<p>[2023] <strong><a href=\"https:\/\/aihub.csic.es\/escuela-de-verano-aihub-un-encuentro-pionero-que-impulsa-la-inteligencia-artificial-en-la-educacion-y-fortalece-la-colaboracion-entre-investigadores-y-docentes\/\">Escuela de Verano AIHUB-CSIC<\/a><\/strong>, CaixaForum Macaya,<strong> <\/strong>Barcelona<\/p>\n\n\n<div class=\"wp-block-image\">\n<figure class=\"alignright size-full is-resized\"><img data-recalc-dims=\"1\" loading=\"lazy\" decoding=\"async\" width=\"760\" height=\"298\" src=\"https:\/\/i0.wp.com\/www.depropios.com\/wp-content\/uploads\/2023\/02\/image.png?resize=760%2C298&#038;ssl=1\" alt=\"\" class=\"wp-image-487\" style=\"width:372px;height:auto\" srcset=\"https:\/\/i0.wp.com\/www.depropios.com\/wp-content\/uploads\/2023\/02\/image.png?w=770&amp;ssl=1 770w, https:\/\/i0.wp.com\/www.depropios.com\/wp-content\/uploads\/2023\/02\/image.png?resize=300%2C118&amp;ssl=1 300w, https:\/\/i0.wp.com\/www.depropios.com\/wp-content\/uploads\/2023\/02\/image.png?resize=768%2C301&amp;ssl=1 768w\" sizes=\"auto, (max-width: 760px) 100vw, 760px\" \/><figcaption class=\"wp-element-caption\"><a href=\"https:\/\/cuimpb.cat\/es\/curso\/275-creatividad-musical-con-IA\">https:\/\/cuimpb.cat\/es\/curso\/275-creatividad-musical-con-IA<\/a><\/figcaption><\/figure>\n<\/div>\n\n\n<p>[2023] <a href=\"https:\/\/www.artificia.pro\/ai-music-course\/\">Participation in the course of Musical Creativity with AI<\/a>. <strong>CCCB<\/strong> Centre de Cultura Contempor\u00e0nia de Barcelona<\/p>\n\n\n\n<p>[2023] <strong>[Exhibition]<\/strong> <strong><em>EXPOSICI\u00d3N M\u00c1QUINA ORG\u00c1NICA &#8211; CANAL CONNECT 2023<\/em><\/strong>. Del 23 de marzo al 23 de abril de 2023. <\/p>\n\n\n<div class=\"wp-block-image\">\n<figure class=\"alignright size-full is-resized\"><img data-recalc-dims=\"1\" loading=\"lazy\" decoding=\"async\" width=\"760\" height=\"431\" src=\"https:\/\/i0.wp.com\/www.depropios.com\/wp-content\/uploads\/2023\/03\/photo1679911768.jpeg?resize=760%2C431&#038;ssl=1\" alt=\"\" class=\"wp-image-496\" style=\"aspect-ratio:1.7703703703703704;width:348px;height:auto\" srcset=\"https:\/\/i0.wp.com\/www.depropios.com\/wp-content\/uploads\/2023\/03\/photo1679911768.jpeg?w=1000&amp;ssl=1 1000w, https:\/\/i0.wp.com\/www.depropios.com\/wp-content\/uploads\/2023\/03\/photo1679911768.jpeg?resize=300%2C170&amp;ssl=1 300w, https:\/\/i0.wp.com\/www.depropios.com\/wp-content\/uploads\/2023\/03\/photo1679911768.jpeg?resize=768%2C435&amp;ssl=1 768w\" sizes=\"auto, (max-width: 760px) 100vw, 760px\" \/><figcaption class=\"wp-element-caption\"><strong>Exposicion \u201cMaquina Org\u00e1nica\u201d Canal Connect 23 \u00a9 Alberto R. Rold\u00e1n \/ La Raz\u00f3n<\/strong>&nbsp;Alberto R. Roldan&nbsp;PHOTOGRAPHERS <\/figcaption><\/figure>\n<\/div>\n\n\n<p><\/p>\n\n\n\n<p>[2023] <strong>[Press]<\/strong><a href=\"https:\/\/www.larazon.es\/madrid\/artistas-ingenieros-ponen-acuerdo-canal-connect_20230325641e815231c73f0001810270.html\"><strong>\u00bf<em>Podr\u00e1n las m\u00e1quinas traer beb\u00e9s al mundo? La exposici\u00f3n en Madrid que conecta lo natural y lo tecnol\u00f3gico<\/em>?<\/strong><\/a> por <strong>La Raz\u00f3n<\/strong><\/p>\n\n\n\n<p>[2023]<strong> AI ART WORKSHOP &#8211; BARCELONA<\/strong>.  Espronceda &#8211; Institute of Art and Culture<\/p>\n\n\n\n<p>[2023]<strong> <strong>[Press]<\/strong><\/strong> <strong><em><a href=\"https:\/\/www.equaltimes.org\/estan-los-artistas-escritores#.Y9eNsfjMLIU\">\u00bfEst\u00e1n los artistas, escritores, m\u00fasicos amenazados por la inteligencia artificial?<\/a><\/em><\/strong> por <strong>Equal Times <\/strong><\/p>\n\n\n\n<p>[2022]<strong> AI ART WORKSHOP &#8211; BARCELONA<\/strong><br><a href=\"https:\/\/www.youtube.com\/watch?v=F11rxK5pEkE&amp;list=PL14KBbzfKZLm3TqAR2IpwVEqr5JrMD5Og&amp;index=2\">Artificial intelligence tools workshop applied to artistic creation<\/a> Location:&nbsp;<a href=\"https:\/\/www.linkedin.com\/company\/espronceda-artnculture\/\">Espronceda &#8211; Institute of Art and Culture<\/a><\/p>\n\n\n\n<p>de Propios Mart\u00ednez, C. (2022). <em>Art and artificial intelligence: machine learning techniques in the contemporary generative art<\/em>. PhD dissertation abstract. <strong>Leonardo Abstracts Service (LABS)<\/strong>, Leonardo \/ International Society for the Arts, Sciences and Technology (ISAST). <a href=\"https:\/\/leonardo.info\/leonardo-abstracts-service\/47115\">https:\/\/leonardo.info\/leonardo-abstracts-service\/47115<\/a><\/p>\n\n\n\n<p><\/p>\n\n\n<div class=\"wp-block-image\">\n<figure class=\"alignleft size-full is-resized\"><img data-recalc-dims=\"1\" loading=\"lazy\" decoding=\"async\" width=\"724\" height=\"1024\" src=\"https:\/\/i0.wp.com\/www.depropios.com\/wp-content\/uploads\/2022\/11\/Poster-Cristina-de-Propios-724x1024-1.jpg?resize=724%2C1024&#038;ssl=1\" alt=\"\" class=\"wp-image-455\" style=\"width:257px;height:363px\" srcset=\"https:\/\/i0.wp.com\/www.depropios.com\/wp-content\/uploads\/2022\/11\/Poster-Cristina-de-Propios-724x1024-1.jpg?w=724&amp;ssl=1 724w, https:\/\/i0.wp.com\/www.depropios.com\/wp-content\/uploads\/2022\/11\/Poster-Cristina-de-Propios-724x1024-1.jpg?resize=212%2C300&amp;ssl=1 212w\" sizes=\"auto, (max-width: 724px) 100vw, 724px\" \/><\/figure>\n<\/div>\n\n\n<p>[2021] <strong>NeurIPS<\/strong> Workshop on Machine Learning for Creativity and Design  <\/p>\n\n\n\n<p>[2021] VIII JORNADAS DE <a href=\"https:\/\/cibra.es\/eventos\/cine-y-educacion\/viii-jornadas-de-cine-y-educacion\/\">CINE Y EDUCACI\u00d3N:<\/a> <strong>Festival de cine y palabra CiBRA<\/strong>, Toledo  <\/p>\n\n\n\n<p>[2021]<strong> [Press]<\/strong> \u00bfSon las m\u00e1quinas m\u00e1s inteligentes que los humanos?<strong> <a href=\"https:\/\/www.rtve.es\/infantil\/serie\/aprendemos-clan\/video\/son-maquinas-mas-inteligentes-humanos\/6150982\/\">Aprendemos en Clan: el debate.<\/a>  Televisi\u00f3n Espa\u00f1ola (rtve)<\/strong><\/p>\n\n\n\n<p>[2021]<a href=\"https:\/\/www.rtve.es\/television\/20211023\/inteligencia-artificial-debate-cristina-propio-clan\/2198260.shtml\">&#8216;Aprendemos con clan. El debate&#8217;, Cristina de Propios y la inteligencia artificial&nbsp;<em>RTVE.ES<\/em> <\/a>Por <strong>RTVE CIENCIA<\/strong><\/p>\n\n\n\n<p>[2021] Exhibition <strong>Museo de Escultura de Legan\u00e9s<\/strong>, Madrid<\/p>\n\n\n\n<p>[2021] Exhibition <strong>Teatro Pradillo,<\/strong> Madrid<\/p>\n\n\n\n<p>[2020-2021] Interdisciplinary Creative Project<a href=\"https:\/\/www.uc3m.es\/ss\/Satellite\/Cultura\/es\/TextoDosColumnas\/1371240194554\/Conjuntos\"> <strong>Dispares,<\/strong>&nbsp;UC3M: Aula de las Artes, Fundaci\u00f3n Daniel y Nina Carasso<\/a><\/p>\n\n\n\n<p>[2020] Ponencia en <a href=\"https:\/\/www.escuelaideo.edu.es\/7380-2\/\">La Semana del Arte, Escuela Ideo<\/a><\/p>\n\n\n\n<p>[2020] <strong><a href=\"https:\/\/erw2020.hisparob.es\/robotica-arte-y-series-de-robots-con-cristina-de-propios\">European Robotics Week 2020<\/a><\/strong><\/p>\n\n\n\n<p>[2019] VII <strong>OSHWDem<\/strong> Open Source HardWare Demonstration, Bricolabs, A Coru\u00f1a<\/p>\n\n\n\n<p>[2019] <strong><a href=\"https:\/\/wtmz19.mullerestech.es\/\">Women Techmakers<\/a><\/strong> 2019,Zaragoza<\/p>\n\n\n\n<p>[2019]&nbsp;Startup<strong>&nbsp;<a href=\"https:\/\/www.q-lion.com\/quantumxall\" target=\"_blank\" rel=\"noreferrer noopener\">Q-Lion<\/a><\/strong> <\/p>\n\n\n\n<p>[2019] <a href=\"https:\/\/elperiodicodevillena.com\/mesa-redonda-de-mujeres-ingenieras-en-villenabot\/\"><strong>Mujeres Ingenieras \u00bffiguras ocultas? Certamen de rob\u00f3tica educativa,<\/strong> UPV<\/a><\/p>\n\n\n\n<p>[2019] <a href=\"https:\/\/drive.google.com\/file\/d\/1Nkf80eDs5pz8qlQGlzv7cANGNPLNXHy6\/view\"><strong>Women Techmakers,<\/strong> Valencia<\/a><\/p>\n\n\n\n<p>[2019] <strong>Arduino Day,<\/strong> Zaragoza&nbsp;<\/p>\n\n\n\n<p>[2019]&nbsp;<strong><a href=\"https:\/\/t3chfest.es\/2019\/programa\/tecnologia-arte\/?lang=es\" target=\"_blank\" rel=\"noreferrer noopener\">T3chFest<\/a><\/strong>, software and new technologies congress, Madrid&#8217;s University Carlos III<\/p>\n\n\n\n<p>[2019] <strong><a href=\"https:\/\/robotica-educativa.hisparob.es\/la-mujer-en-la-ciencia-presente-y-futuro\/\">La mujer en la ciencia: Hombres y mujeres so\u00f1ando con la ciencia futura.<\/a>&nbsp;<\/strong>Pinto, Madrid<\/p>\n\n\n\n<p>[2019] <strong>International Day of Women and Girls in Science<\/strong><br>Semana de la Mujer y la Ni\u00f1a en la Ciencia. Colegio Isabel de Castilla, Madrid<\/p>\n\n\n\n<p>[2018] <strong><a href=\"https:\/\/www.eu-robotics.net\/robotics_week\/\">European Robotics Week 2018<\/a><\/strong><br>Escuela Polit\u00e9cnica Superior de Alcal\u00e1 de Henares<\/p>\n\n\n\n<p>[2018] <strong>Jornadas <a href=\"https:\/\/www.educa2.madrid.org\/web\/aprendemos-con-bots\/-cervanbot-18-19\/-\/visor\/v-edicion-de-las-jornadas-tecno-roboticas-cervanbot-actividades-previstas\">tecno-rob\u00f3ticas CervanBot.<\/a><\/strong>&nbsp;Instituto Miguel de Cervantes, Legan\u00e9s<\/p>\n\n\n\n<p>[2018] <strong><a href=\"https:\/\/fundacionankaria.org\/proyecto\/exposicion-looking-through-the-eyes-of-machines\/\">[Looking Through the Eyes of Machines]<\/a><\/strong> exhibition<strong> UWE F-Block Gallery 17th-28th Sep. Centre for Fine Print Research (CFPR)<\/strong>&nbsp;Universidad del Oeste de Inglaterra, Bristol<\/p>\n\n\n\n<p>[2018] <strong>[Looking Through the Eyes of Machines]<\/strong> exhibition is now installed in the CC Juan C. Calderon Gallery at the Impact 10 Printmaking Conference Santander<\/p>\n\n\n\n<p>[2017] Premio&nbsp;<strong>Dem\u00e9ter de Escultura<\/strong>&nbsp;reciclada:&nbsp; Primer Acc\u00e9sit<\/p>\n\n\n\n<p>[2016] <strong><a href=\"https:\/\/www.ucm.es\/semanaletras6-1\/cuantos-cuentos\">[Cuantos cuentos] Proyectos colaborativos. Semana de las letras, UCM.<\/a><\/strong>&nbsp;Facultad de Bellas Artes, Universidad Complutense de Madrid<\/p>\n\n\n\n<p>[2015] <strong><a href=\"https:\/\/eprints.ucm.es\/id\/eprint\/30712\/\">[Fresh Art Project]<\/a>&nbsp;<\/strong>Edici\u00f3n 2015 Casa de Cultura de Torrelodones, Madrid<\/p>\n\n\n\n<p>[2014] <a href=\"https:\/\/www.youtube.com\/watch?v=7puhx8bxiwc&amp;ab_channel=UniversidadComplutensedeMadrid\"><strong>[Aprender, Crear, Investigar] Patrimonio de la Universidad Complutense<\/strong>. <\/a>Sala de Exposiciones, Facultad de Bellas Artes UCM, Madrid<\/p>\n","protected":false},"excerpt":{"rendered":"<p>[2024] Conferencia &nbsp;Investigaci\u00f3n sobre la aplicaci\u00f3n de t\u00e9cnicas de inteligencia artificial en el campo del arte. M\u00e1ster en Investigaci\u00f3n en Arte y Creaci\u00f3n, Facultad de Bellas Artes, Universidad Complutense de Madrid. [2024] Taller de IA Generativa. FESTIVAL DE ARTE DE CARTAGENA M+M. MUCHO + MAYO 2024. https:\/\/muchomasmayo.cartagena.es\/ [2023] Participaci\u00f3n en Congreso NODOS del Conocimiento. NODO<\/p>\n<p class=\"more-link-wrapper\"><a href=\"https:\/\/www.depropios.com\/?page_id=18\" class=\"more-link\">Seguir leyendo<span class=\"screen-reader-text\"> \u00abBIO\u00bb<\/span><\/a><\/p>\n","protected":false},"author":1,"featured_media":0,"parent":0,"menu_order":0,"comment_status":"closed","ping_status":"closed","template":"","meta":{"_exactmetrics_skip_tracking":false,"_exactmetrics_sitenote_active":false,"_exactmetrics_sitenote_note":"","_exactmetrics_sitenote_category":0,"footnotes":""},"class_list":["post-18","page","type-page","status-publish","hentry"],"yoast_head":"<!-- This site is optimized with the Yoast SEO plugin v27.5 - https:\/\/yoast.com\/product\/yoast-seo-wordpress\/ -->\n<title>BIO - dePropios.com<\/title>\n<meta name=\"robots\" content=\"index, follow, max-snippet:-1, max-image-preview:large, max-video-preview:-1\" \/>\n<link rel=\"canonical\" href=\"https:\/\/www.depropios.com\/?page_id=18\" \/>\n<meta property=\"og:locale\" content=\"es_ES\" \/>\n<meta property=\"og:type\" content=\"article\" \/>\n<meta property=\"og:title\" content=\"BIO - dePropios.com\" \/>\n<meta property=\"og:description\" content=\"[2024] Conferencia &nbsp;Investigaci\u00f3n sobre la aplicaci\u00f3n de t\u00e9cnicas de inteligencia artificial en el campo del arte. M\u00e1ster en Investigaci\u00f3n en Arte y Creaci\u00f3n, Facultad de Bellas Artes, Universidad Complutense de Madrid. [2024] Taller de IA Generativa. FESTIVAL DE ARTE DE CARTAGENA M+M. MUCHO + MAYO 2024. https:\/\/muchomasmayo.cartagena.es\/ [2023] Participaci\u00f3n en Congreso NODOS del Conocimiento. NODOSeguir leyendo \u00abBIO\u00bb\" \/>\n<meta property=\"og:url\" content=\"https:\/\/www.depropios.com\/?page_id=18\" \/>\n<meta property=\"og:site_name\" content=\"dePropios.com\" \/>\n<meta property=\"article:modified_time\" content=\"2026-03-04T19:31:47+00:00\" \/>\n<meta property=\"og:image\" content=\"https:\/\/www.depropios.com\/wp-content\/uploads\/2026\/03\/DSCF0352-683x1024.jpg\" \/>\n<meta name=\"twitter:card\" content=\"summary_large_image\" \/>\n<meta name=\"twitter:site\" content=\"@de_propios\" \/>\n<meta name=\"twitter:label1\" content=\"Tiempo de lectura\" \/>\n\t<meta name=\"twitter:data1\" content=\"4 minutos\" \/>\n<script type=\"application\/ld+json\" class=\"yoast-schema-graph\">{\"@context\":\"https:\\\/\\\/schema.org\",\"@graph\":[{\"@type\":\"WebPage\",\"@id\":\"https:\\\/\\\/www.depropios.com\\\/?page_id=18\",\"url\":\"https:\\\/\\\/www.depropios.com\\\/?page_id=18\",\"name\":\"BIO - dePropios.com\",\"isPartOf\":{\"@id\":\"https:\\\/\\\/www.depropios.com\\\/#website\"},\"primaryImageOfPage\":{\"@id\":\"https:\\\/\\\/www.depropios.com\\\/?page_id=18#primaryimage\"},\"image\":{\"@id\":\"https:\\\/\\\/www.depropios.com\\\/?page_id=18#primaryimage\"},\"thumbnailUrl\":\"https:\\\/\\\/www.depropios.com\\\/wp-content\\\/uploads\\\/2026\\\/03\\\/DSCF0352-683x1024.jpg\",\"datePublished\":\"2021-04-11T17:05:46+00:00\",\"dateModified\":\"2026-03-04T19:31:47+00:00\",\"breadcrumb\":{\"@id\":\"https:\\\/\\\/www.depropios.com\\\/?page_id=18#breadcrumb\"},\"inLanguage\":\"es\",\"potentialAction\":[{\"@type\":\"ReadAction\",\"target\":[\"https:\\\/\\\/www.depropios.com\\\/?page_id=18\"]}]},{\"@type\":\"ImageObject\",\"inLanguage\":\"es\",\"@id\":\"https:\\\/\\\/www.depropios.com\\\/?page_id=18#primaryimage\",\"url\":\"https:\\\/\\\/i0.wp.com\\\/www.depropios.com\\\/wp-content\\\/uploads\\\/2026\\\/03\\\/DSCF0352-scaled.jpg?fit=1707%2C2560&ssl=1\",\"contentUrl\":\"https:\\\/\\\/i0.wp.com\\\/www.depropios.com\\\/wp-content\\\/uploads\\\/2026\\\/03\\\/DSCF0352-scaled.jpg?fit=1707%2C2560&ssl=1\",\"width\":1707,\"height\":2560},{\"@type\":\"BreadcrumbList\",\"@id\":\"https:\\\/\\\/www.depropios.com\\\/?page_id=18#breadcrumb\",\"itemListElement\":[{\"@type\":\"ListItem\",\"position\":1,\"name\":\"Portada\",\"item\":\"https:\\\/\\\/www.depropios.com\\\/\"},{\"@type\":\"ListItem\",\"position\":2,\"name\":\"BIO\"}]},{\"@type\":\"WebSite\",\"@id\":\"https:\\\/\\\/www.depropios.com\\\/#website\",\"url\":\"https:\\\/\\\/www.depropios.com\\\/\",\"name\":\"dePropios.com\",\"description\":\"dePropios.com\",\"publisher\":{\"@id\":\"https:\\\/\\\/www.depropios.com\\\/#\\\/schema\\\/person\\\/b679b85138f5f23215834d8207d555d0\"},\"potentialAction\":[{\"@type\":\"SearchAction\",\"target\":{\"@type\":\"EntryPoint\",\"urlTemplate\":\"https:\\\/\\\/www.depropios.com\\\/?s={search_term_string}\"},\"query-input\":{\"@type\":\"PropertyValueSpecification\",\"valueRequired\":true,\"valueName\":\"search_term_string\"}}],\"inLanguage\":\"es\"},{\"@type\":[\"Person\",\"Organization\"],\"@id\":\"https:\\\/\\\/www.depropios.com\\\/#\\\/schema\\\/person\\\/b679b85138f5f23215834d8207d555d0\",\"name\":\"Cristina de Propios Martinez\",\"image\":{\"@type\":\"ImageObject\",\"inLanguage\":\"es\",\"@id\":\"https:\\\/\\\/i0.wp.com\\\/www.depropios.com\\\/wp-content\\\/uploads\\\/2021\\\/04\\\/kYgNvxf__400x400.jpg?fit=400%2C400&ssl=1\",\"url\":\"https:\\\/\\\/i0.wp.com\\\/www.depropios.com\\\/wp-content\\\/uploads\\\/2021\\\/04\\\/kYgNvxf__400x400.jpg?fit=400%2C400&ssl=1\",\"contentUrl\":\"https:\\\/\\\/i0.wp.com\\\/www.depropios.com\\\/wp-content\\\/uploads\\\/2021\\\/04\\\/kYgNvxf__400x400.jpg?fit=400%2C400&ssl=1\",\"width\":400,\"height\":400,\"caption\":\"Cristina de Propios Martinez\"},\"logo\":{\"@id\":\"https:\\\/\\\/i0.wp.com\\\/www.depropios.com\\\/wp-content\\\/uploads\\\/2021\\\/04\\\/kYgNvxf__400x400.jpg?fit=400%2C400&ssl=1\"},\"sameAs\":[\"http:\\\/\\\/depropios.com\",\"https:\\\/\\\/www.linkedin.com\\\/in\\\/cristina-de-propios-4b0427128\",\"https:\\\/\\\/x.com\\\/de_propios\"]}]}<\/script>\n<!-- \/ Yoast SEO plugin. -->","yoast_head_json":{"title":"BIO - dePropios.com","robots":{"index":"index","follow":"follow","max-snippet":"max-snippet:-1","max-image-preview":"max-image-preview:large","max-video-preview":"max-video-preview:-1"},"canonical":"https:\/\/www.depropios.com\/?page_id=18","og_locale":"es_ES","og_type":"article","og_title":"BIO - dePropios.com","og_description":"[2024] Conferencia &nbsp;Investigaci\u00f3n sobre la aplicaci\u00f3n de t\u00e9cnicas de inteligencia artificial en el campo del arte. M\u00e1ster en Investigaci\u00f3n en Arte y Creaci\u00f3n, Facultad de Bellas Artes, Universidad Complutense de Madrid. [2024] Taller de IA Generativa. FESTIVAL DE ARTE DE CARTAGENA M+M. MUCHO + MAYO 2024. https:\/\/muchomasmayo.cartagena.es\/ [2023] Participaci\u00f3n en Congreso NODOS del Conocimiento. NODOSeguir leyendo \u00abBIO\u00bb","og_url":"https:\/\/www.depropios.com\/?page_id=18","og_site_name":"dePropios.com","article_modified_time":"2026-03-04T19:31:47+00:00","og_image":[{"url":"https:\/\/www.depropios.com\/wp-content\/uploads\/2026\/03\/DSCF0352-683x1024.jpg","type":"","width":"","height":""}],"twitter_card":"summary_large_image","twitter_site":"@de_propios","twitter_misc":{"Tiempo de lectura":"4 minutos"},"schema":{"@context":"https:\/\/schema.org","@graph":[{"@type":"WebPage","@id":"https:\/\/www.depropios.com\/?page_id=18","url":"https:\/\/www.depropios.com\/?page_id=18","name":"BIO - dePropios.com","isPartOf":{"@id":"https:\/\/www.depropios.com\/#website"},"primaryImageOfPage":{"@id":"https:\/\/www.depropios.com\/?page_id=18#primaryimage"},"image":{"@id":"https:\/\/www.depropios.com\/?page_id=18#primaryimage"},"thumbnailUrl":"https:\/\/www.depropios.com\/wp-content\/uploads\/2026\/03\/DSCF0352-683x1024.jpg","datePublished":"2021-04-11T17:05:46+00:00","dateModified":"2026-03-04T19:31:47+00:00","breadcrumb":{"@id":"https:\/\/www.depropios.com\/?page_id=18#breadcrumb"},"inLanguage":"es","potentialAction":[{"@type":"ReadAction","target":["https:\/\/www.depropios.com\/?page_id=18"]}]},{"@type":"ImageObject","inLanguage":"es","@id":"https:\/\/www.depropios.com\/?page_id=18#primaryimage","url":"https:\/\/i0.wp.com\/www.depropios.com\/wp-content\/uploads\/2026\/03\/DSCF0352-scaled.jpg?fit=1707%2C2560&ssl=1","contentUrl":"https:\/\/i0.wp.com\/www.depropios.com\/wp-content\/uploads\/2026\/03\/DSCF0352-scaled.jpg?fit=1707%2C2560&ssl=1","width":1707,"height":2560},{"@type":"BreadcrumbList","@id":"https:\/\/www.depropios.com\/?page_id=18#breadcrumb","itemListElement":[{"@type":"ListItem","position":1,"name":"Portada","item":"https:\/\/www.depropios.com\/"},{"@type":"ListItem","position":2,"name":"BIO"}]},{"@type":"WebSite","@id":"https:\/\/www.depropios.com\/#website","url":"https:\/\/www.depropios.com\/","name":"dePropios.com","description":"dePropios.com","publisher":{"@id":"https:\/\/www.depropios.com\/#\/schema\/person\/b679b85138f5f23215834d8207d555d0"},"potentialAction":[{"@type":"SearchAction","target":{"@type":"EntryPoint","urlTemplate":"https:\/\/www.depropios.com\/?s={search_term_string}"},"query-input":{"@type":"PropertyValueSpecification","valueRequired":true,"valueName":"search_term_string"}}],"inLanguage":"es"},{"@type":["Person","Organization"],"@id":"https:\/\/www.depropios.com\/#\/schema\/person\/b679b85138f5f23215834d8207d555d0","name":"Cristina de Propios Martinez","image":{"@type":"ImageObject","inLanguage":"es","@id":"https:\/\/i0.wp.com\/www.depropios.com\/wp-content\/uploads\/2021\/04\/kYgNvxf__400x400.jpg?fit=400%2C400&ssl=1","url":"https:\/\/i0.wp.com\/www.depropios.com\/wp-content\/uploads\/2021\/04\/kYgNvxf__400x400.jpg?fit=400%2C400&ssl=1","contentUrl":"https:\/\/i0.wp.com\/www.depropios.com\/wp-content\/uploads\/2021\/04\/kYgNvxf__400x400.jpg?fit=400%2C400&ssl=1","width":400,"height":400,"caption":"Cristina de Propios Martinez"},"logo":{"@id":"https:\/\/i0.wp.com\/www.depropios.com\/wp-content\/uploads\/2021\/04\/kYgNvxf__400x400.jpg?fit=400%2C400&ssl=1"},"sameAs":["http:\/\/depropios.com","https:\/\/www.linkedin.com\/in\/cristina-de-propios-4b0427128","https:\/\/x.com\/de_propios"]}]}},"jetpack_sharing_enabled":true,"_links":{"self":[{"href":"https:\/\/www.depropios.com\/index.php?rest_route=\/wp\/v2\/pages\/18","targetHints":{"allow":["GET"]}}],"collection":[{"href":"https:\/\/www.depropios.com\/index.php?rest_route=\/wp\/v2\/pages"}],"about":[{"href":"https:\/\/www.depropios.com\/index.php?rest_route=\/wp\/v2\/types\/page"}],"author":[{"embeddable":true,"href":"https:\/\/www.depropios.com\/index.php?rest_route=\/wp\/v2\/users\/1"}],"replies":[{"embeddable":true,"href":"https:\/\/www.depropios.com\/index.php?rest_route=%2Fwp%2Fv2%2Fcomments&post=18"}],"version-history":[{"count":58,"href":"https:\/\/www.depropios.com\/index.php?rest_route=\/wp\/v2\/pages\/18\/revisions"}],"predecessor-version":[{"id":536,"href":"https:\/\/www.depropios.com\/index.php?rest_route=\/wp\/v2\/pages\/18\/revisions\/536"}],"wp:attachment":[{"href":"https:\/\/www.depropios.com\/index.php?rest_route=%2Fwp%2Fv2%2Fmedia&parent=18"}],"curies":[{"name":"wp","href":"https:\/\/api.w.org\/{rel}","templated":true}]}}